{"id":1746,"date":"2022-07-12T20:21:54","date_gmt":"2022-07-12T20:21:54","guid":{"rendered":"http:\/\/puertoquequenstore.com\/?page_id=1746"},"modified":"2023-09-18T21:35:48","modified_gmt":"2023-09-18T21:35:48","slug":"quienes-somos","status":"publish","type":"page","link":"https:\/\/puertoquequenstore.com\/index.php\/quienes-somos\/","title":{"rendered":"\u00bfQui\u00e9nes somos?"},"content":{"rendered":"\t\t<div data-elementor-type=\"wp-page\" data-elementor-id=\"1746\" class=\"elementor elementor-1746\">\n\t\t\t\t\t\t\t\t\t<section class=\"elementor-section elementor-top-section elementor-element elementor-element-124a6f7 elementor-section-boxed elementor-section-height-default elementor-section-height-default\" data-id=\"124a6f7\" data-element_type=\"section\">\n\t\t\t\t\t\t<div class=\"elementor-container elementor-column-gap-default\">\n\t\t\t\t\t<div class=\"elementor-column elementor-col-66 elementor-top-column elementor-element elementor-element-aae2816\" data-id=\"aae2816\" data-element_type=\"column\">\n\t\t\t<div class=\"elementor-widget-wrap elementor-element-populated\">\n\t\t\t\t\t\t\t\t<div class=\"elementor-element elementor-element-5344670 elementor-widget elementor-widget-heading\" data-id=\"5344670\" data-element_type=\"widget\" data-widget_type=\"heading.default\">\n\t\t\t\t<div class=\"elementor-widget-container\">\n\t\t\t<style>\/*! elementor - v3.6.1 - 23-03-2022 *\/\n.elementor-heading-title{padding:0;margin:0;line-height:1}.elementor-widget-heading .elementor-heading-title[class*=elementor-size-]>a{color:inherit;font-size:inherit;line-height:inherit}.elementor-widget-heading .elementor-heading-title.elementor-size-small{font-size:15px}.elementor-widget-heading .elementor-heading-title.elementor-size-medium{font-size:19px}.elementor-widget-heading .elementor-heading-title.elementor-size-large{font-size:29px}.elementor-widget-heading .elementor-heading-title.elementor-size-xl{font-size:39px}.elementor-widget-heading .elementor-heading-title.elementor-size-xxl{font-size:59px}<\/style><h2 class=\"elementor-heading-title elementor-size-default\">\u00bfQui\u00e9nes Somos?<\/h2>\t\t<\/div>\n\t\t\t\t<\/div>\n\t\t\t\t<div class=\"elementor-element elementor-element-bcea4d1 elementor-widget elementor-widget-text-editor\" data-id=\"bcea4d1\" data-element_type=\"widget\" data-widget_type=\"text-editor.default\">\n\t\t\t\t<div class=\"elementor-widget-container\">\n\t\t\t<style>\/*! elementor - v3.6.1 - 23-03-2022 *\/\n.elementor-widget-text-editor.elementor-drop-cap-view-stacked .elementor-drop-cap{background-color:#818a91;color:#fff}.elementor-widget-text-editor.elementor-drop-cap-view-framed .elementor-drop-cap{color:#818a91;border:3px solid;background-color:transparent}.elementor-widget-text-editor:not(.elementor-drop-cap-view-default) .elementor-drop-cap{margin-top:8px}.elementor-widget-text-editor:not(.elementor-drop-cap-view-default) .elementor-drop-cap-letter{width:1em;height:1em}.elementor-widget-text-editor .elementor-drop-cap{float:left;text-align:center;line-height:1;font-size:50px}.elementor-widget-text-editor .elementor-drop-cap-letter{display:inline-block}<\/style>\t\t\t\tSomos del Mar. Es una decisi\u00f3n, es un sentir y es una pasi\u00f3n. Sabemos lo que nuestros clientes necesitan. Y lo que necesitan es un producto Fresco y que siempre venga de su lugar de origen. Por eso todo lo que llevamos a tu mesa viene directamente de los Mares. Del Pac\u00edfico y Del Atl\u00e1ntico. Virgen, natural y super fresco.\n\nLa diferencia la comenzamos a hacer llevandole a nuestros clientes un producto super fresco en Delivery. Fue tal la aceptaci\u00f3n al recibir un producto tan fresco y natural que nos vimos obligados a crecer y seguir ofreciendo esta espectacular opci\u00f3n.\n\nComenzamos llevando nuestros primeros env\u00edos en bicicleta. \u00a1\u00a1\u00a1El encanto de nuestro primer cliente nos fue llevando a otro, a otro y a otro hasta llegar al n\u00famero 1000!!!\t\t\t\t\t\t<\/div>\n\t\t\t\t<\/div>\n\t\t\t\t\t<\/div>\n\t\t<\/div>\n\t\t\t\t<div class=\"elementor-column elementor-col-33 elementor-top-column elementor-element elementor-element-a3b32f3\" data-id=\"a3b32f3\" data-element_type=\"column\">\n\t\t\t<div class=\"elementor-widget-wrap elementor-element-populated\">\n\t\t\t\t\t\t\t\t<div class=\"elementor-element elementor-element-b692c29 elementor-widget elementor-widget-image\" data-id=\"b692c29\" data-element_type=\"widget\" data-widget_type=\"image.default\">\n\t\t\t\t<div class=\"elementor-widget-container\">\n\t\t\t<style>\/*! elementor - v3.6.1 - 23-03-2022 *\/\n.elementor-widget-image{text-align:center}.elementor-widget-image a{display:inline-block}.elementor-widget-image a img[src$=\".svg\"]{width:48px}.elementor-widget-image img{vertical-align:middle;display:inline-block}<\/style>\t\t\t\t\t\t\t\t\t\t\t\t<img width=\"427\" height=\"487\" src=\"https:\/\/puertoquequenstore.com\/wp-content\/uploads\/2023\/09\/M-V-copia.jpg\" class=\"attachment-large size-large\" alt=\"\" loading=\"lazy\" srcset=\"https:\/\/puertoquequenstore.com\/wp-content\/uploads\/2023\/09\/M-V-copia.jpg 427w, https:\/\/puertoquequenstore.com\/wp-content\/uploads\/2023\/09\/M-V-copia-263x300.jpg 263w\" sizes=\"(max-width: 427px) 100vw, 427px\" \/>\t\t\t\t\t\t\t\t\t\t\t\t\t\t\t<\/div>\n\t\t\t\t<\/div>\n\t\t\t\t\t<\/div>\n\t\t<\/div>\n\t\t\t\t\t\t\t<\/div>\n\t\t<\/section>\n\t\t\t\t<section class=\"elementor-section elementor-top-section elementor-element elementor-element-acaa1d5 elementor-section-boxed elementor-section-height-default elementor-section-height-default\" data-id=\"acaa1d5\" data-element_type=\"section\">\n\t\t\t\t\t\t<div class=\"elementor-container elementor-column-gap-default\">\n\t\t\t\t\t<div class=\"elementor-column elementor-col-33 elementor-top-column elementor-element elementor-element-fc52b97\" data-id=\"fc52b97\" data-element_type=\"column\">\n\t\t\t<div class=\"elementor-widget-wrap elementor-element-populated\">\n\t\t\t\t\t\t\t\t<div class=\"elementor-element elementor-element-53bb8af elementor-widget elementor-widget-image\" data-id=\"53bb8af\" data-element_type=\"widget\" data-widget_type=\"image.default\">\n\t\t\t\t<div class=\"elementor-widget-container\">\n\t\t\t\t\t\t\t\t\t\t\t\t\t\t\t<img width=\"262\" height=\"300\" src=\"https:\/\/puertoquequenstore.com\/wp-content\/uploads\/2022\/07\/WhatsApp-Image-2022-06-30-at-2.19.29-PM-1-262x300.jpeg\" class=\"attachment-medium size-medium\" alt=\"\" loading=\"lazy\" srcset=\"https:\/\/puertoquequenstore.com\/wp-content\/uploads\/2022\/07\/WhatsApp-Image-2022-06-30-at-2.19.29-PM-1-262x300.jpeg 262w, https:\/\/puertoquequenstore.com\/wp-content\/uploads\/2022\/07\/WhatsApp-Image-2022-06-30-at-2.19.29-PM-1-893x1024.jpeg 893w, https:\/\/puertoquequenstore.com\/wp-content\/uploads\/2022\/07\/WhatsApp-Image-2022-06-30-at-2.19.29-PM-1-768x880.jpeg 768w, https:\/\/puertoquequenstore.com\/wp-content\/uploads\/2022\/07\/WhatsApp-Image-2022-06-30-at-2.19.29-PM-1-1340x1536.jpeg 1340w, https:\/\/puertoquequenstore.com\/wp-content\/uploads\/2022\/07\/WhatsApp-Image-2022-06-30-at-2.19.29-PM-1-600x688.jpeg 600w, https:\/\/puertoquequenstore.com\/wp-content\/uploads\/2022\/07\/WhatsApp-Image-2022-06-30-at-2.19.29-PM-1.jpeg 1396w\" sizes=\"(max-width: 262px) 100vw, 262px\" \/>\t\t\t\t\t\t\t\t\t\t\t\t\t\t\t<\/div>\n\t\t\t\t<\/div>\n\t\t\t\t\t<\/div>\n\t\t<\/div>\n\t\t\t\t<div class=\"elementor-column elementor-col-66 elementor-top-column elementor-element elementor-element-9317375\" data-id=\"9317375\" data-element_type=\"column\">\n\t\t\t<div class=\"elementor-widget-wrap elementor-element-populated\">\n\t\t\t\t\t\t\t\t<div class=\"elementor-element elementor-element-4e2955c elementor-widget elementor-widget-text-editor\" data-id=\"4e2955c\" data-element_type=\"widget\" data-widget_type=\"text-editor.default\">\n\t\t\t\t<div class=\"elementor-widget-container\">\n\t\t\t\t\t\t\t<p><span style=\"font-size: 1rem;\">Le agregamos nuestro servicio en Moto y luego lleg\u00f3 nuestro momento m\u00e1gico en el que empezamos con las aperturas de sucursales, primero en Florida y en Villa Crespo.<\/span><\/p><p>Y ahora tenemos nuestro propio Website. Con el \u00fanico prop\u00f3sito de ofrecerte los mejores productos. Frescos y reci\u00e9n llegados de nuestros mares. Nos apasiona que nuestros clientes consuman frescura, nutrientes y el mejor sabor en todas sus comidas.<\/p>\t\t\t\t\t\t<\/div>\n\t\t\t\t<\/div>\n\t\t\t\t\t<\/div>\n\t\t<\/div>\n\t\t\t\t\t\t\t<\/div>\n\t\t<\/section>\n\t\t\t\t\t\t\t<\/div>\n\t\t","protected":false},"excerpt":{"rendered":"<p>\u00bfQui\u00e9nes Somos? Somos del Mar. Es una decisi\u00f3n, es un sentir y es una pasi\u00f3n. Sabemos lo que nuestros clientes necesitan. Y lo que necesitan es un producto Fresco y que siempre venga de su lugar de origen. Por eso todo lo que llevamos a tu mesa viene directamente de los Mares. Del Pac\u00edfico y [&hellip;]<\/p>\n","protected":false},"author":3,"featured_media":0,"parent":0,"menu_order":0,"comment_status":"closed","ping_status":"closed","template":"elementor_canvas","meta":{"om_disable_all_campaigns":false,"_monsterinsights_skip_tracking":false,"_monsterinsights_sitenote_active":false,"_monsterinsights_sitenote_note":"","_monsterinsights_sitenote_category":0},"_links":{"self":[{"href":"https:\/\/puertoquequenstore.com\/index.php\/wp-json\/wp\/v2\/pages\/1746"}],"collection":[{"href":"https:\/\/puertoquequenstore.com\/index.php\/wp-json\/wp\/v2\/pages"}],"about":[{"href":"https:\/\/puertoquequenstore.com\/index.php\/wp-json\/wp\/v2\/types\/page"}],"author":[{"embeddable":true,"href":"https:\/\/puertoquequenstore.com\/index.php\/wp-json\/wp\/v2\/users\/3"}],"replies":[{"embeddable":true,"href":"https:\/\/puertoquequenstore.com\/index.php\/wp-json\/wp\/v2\/comments?post=1746"}],"version-history":[{"count":34,"href":"https:\/\/puertoquequenstore.com\/index.php\/wp-json\/wp\/v2\/pages\/1746\/revisions"}],"predecessor-version":[{"id":1947,"href":"https:\/\/puertoquequenstore.com\/index.php\/wp-json\/wp\/v2\/pages\/1746\/revisions\/1947"}],"wp:attachment":[{"href":"https:\/\/puertoquequenstore.com\/index.php\/wp-json\/wp\/v2\/media?parent=1746"}],"curies":[{"name":"wp","href":"https:\/\/api.w.org\/{rel}","templated":true}]}}