{"id":1044,"date":"2022-04-28T19:02:50","date_gmt":"2022-04-28T19:02:50","guid":{"rendered":"http:\/\/puertoquequenstore.com\/?post_type=product&#038;p=1044"},"modified":"2022-07-15T13:19:33","modified_gmt":"2022-07-15T13:19:33","slug":"queso-agroecologico-sin-sal","status":"publish","type":"product","link":"https:\/\/puertoquequenstore.com\/index.php\/producto\/queso-agroecologico-sin-sal\/","title":{"rendered":"Queso Pategr\u00e1s Agroecol\u00f3gico 3 pimientas"},"content":{"rendered":"<p>Queso Pategr\u00e1s Agroecol\u00f3gico 3 pimientas<\/p>\n<p>Do\u00f1a Cuchara<\/p>\n","protected":false},"excerpt":{"rendered":"<p>Lorem Ipsum has been the industry&#8217;s standard dummy text ever since the 1500s, when an unknown printer took a galley of type and scrambled it to make a type specimen book. It has survived not only five centuries, but also the leap into electronic typesetting, remaining essential<\/p>\n","protected":false},"featured_media":1119,"template":"","meta":{"om_disable_all_campaigns":false,"_monsterinsights_skip_tracking":false,"_monsterinsights_sitenote_active":false,"_monsterinsights_sitenote_note":"","_monsterinsights_sitenote_category":0},"product_cat":[22],"product_tag":[],"_links":{"self":[{"href":"https:\/\/puertoquequenstore.com\/index.php\/wp-json\/wp\/v2\/product\/1044"}],"collection":[{"href":"https:\/\/puertoquequenstore.com\/index.php\/wp-json\/wp\/v2\/product"}],"about":[{"href":"https:\/\/puertoquequenstore.com\/index.php\/wp-json\/wp\/v2\/types\/product"}],"wp:featuredmedia":[{"embeddable":true,"href":"https:\/\/puertoquequenstore.com\/index.php\/wp-json\/wp\/v2\/media\/1119"}],"wp:attachment":[{"href":"https:\/\/puertoquequenstore.com\/index.php\/wp-json\/wp\/v2\/media?parent=1044"}],"wp:term":[{"taxonomy":"product_cat","embeddable":true,"href":"https:\/\/puertoquequenstore.com\/index.php\/wp-json\/wp\/v2\/product_cat?post=1044"},{"taxonomy":"product_tag","embeddable":true,"href":"https:\/\/puertoquequenstore.com\/index.php\/wp-json\/wp\/v2\/product_tag?post=1044"}],"curies":[{"name":"wp","href":"https:\/\/api.w.org\/{rel}","templated":true}]}}