{"id":1135,"date":"2022-05-05T21:42:04","date_gmt":"2022-05-05T21:42:04","guid":{"rendered":"http:\/\/puertoquequenstore.com\/?post_type=product&#038;p=1135"},"modified":"2022-07-20T02:16:17","modified_gmt":"2022-07-20T02:16:17","slug":"truchon-organico-patagonico","status":"publish","type":"product","link":"https:\/\/puertoquequenstore.com\/index.php\/producto\/truchon-organico-patagonico\/","title":{"rendered":"Truch\u00f3n Org\u00e1nico Patag\u00f3nico"},"content":{"rendered":"<p>TRUCH\u00d3N ORG\u00c1NICO PATAG\u00d3NICO<\/p>\n","protected":false},"excerpt":{"rendered":"<p>TRUCH\u00d3N ORG\u00c1NICO PATAG\u00d3NICO<\/p>\n","protected":false},"featured_media":1136,"template":"","meta":{"om_disable_all_campaigns":false,"_monsterinsights_skip_tracking":false,"_monsterinsights_sitenote_active":false,"_monsterinsights_sitenote_note":"","_monsterinsights_sitenote_category":0},"product_cat":[19],"product_tag":[24,32,31],"_links":{"self":[{"href":"https:\/\/puertoquequenstore.com\/index.php\/wp-json\/wp\/v2\/product\/1135"}],"collection":[{"href":"https:\/\/puertoquequenstore.com\/index.php\/wp-json\/wp\/v2\/product"}],"about":[{"href":"https:\/\/puertoquequenstore.com\/index.php\/wp-json\/wp\/v2\/types\/product"}],"wp:featuredmedia":[{"embeddable":true,"href":"https:\/\/puertoquequenstore.com\/index.php\/wp-json\/wp\/v2\/media\/1136"}],"wp:attachment":[{"href":"https:\/\/puertoquequenstore.com\/index.php\/wp-json\/wp\/v2\/media?parent=1135"}],"wp:term":[{"taxonomy":"product_cat","embeddable":true,"href":"https:\/\/puertoquequenstore.com\/index.php\/wp-json\/wp\/v2\/product_cat?post=1135"},{"taxonomy":"product_tag","embeddable":true,"href":"https:\/\/puertoquequenstore.com\/index.php\/wp-json\/wp\/v2\/product_tag?post=1135"}],"curies":[{"name":"wp","href":"https:\/\/api.w.org\/{rel}","templated":true}]}}