{"id":1137,"date":"2022-05-05T21:43:36","date_gmt":"2022-05-05T21:43:36","guid":{"rendered":"http:\/\/puertoquequenstore.com\/?post_type=product&#038;p=1137"},"modified":"2022-07-12T20:51:12","modified_gmt":"2022-07-12T20:51:12","slug":"filet-de-brotola","status":"publish","type":"product","link":"https:\/\/puertoquequenstore.com\/index.php\/producto\/filet-de-brotola\/","title":{"rendered":"Filet de Br\u00f3tola del Atl\u00e1ntico"},"content":{"rendered":"<p>Filet de Br\u00f3tola del Atl\u00e1ntico<\/p>\n","protected":false},"excerpt":{"rendered":"<p>Filet de Br\u00f3tola del Atl\u00e1ntico<\/p>\n","protected":false},"featured_media":1138,"template":"","meta":{"om_disable_all_campaigns":false,"_monsterinsights_skip_tracking":false,"_monsterinsights_sitenote_active":false,"_monsterinsights_sitenote_note":"","_monsterinsights_sitenote_category":0},"product_cat":[19],"product_tag":[],"_links":{"self":[{"href":"https:\/\/puertoquequenstore.com\/index.php\/wp-json\/wp\/v2\/product\/1137"}],"collection":[{"href":"https:\/\/puertoquequenstore.com\/index.php\/wp-json\/wp\/v2\/product"}],"about":[{"href":"https:\/\/puertoquequenstore.com\/index.php\/wp-json\/wp\/v2\/types\/product"}],"wp:featuredmedia":[{"embeddable":true,"href":"https:\/\/puertoquequenstore.com\/index.php\/wp-json\/wp\/v2\/media\/1138"}],"wp:attachment":[{"href":"https:\/\/puertoquequenstore.com\/index.php\/wp-json\/wp\/v2\/media?parent=1137"}],"wp:term":[{"taxonomy":"product_cat","embeddable":true,"href":"https:\/\/puertoquequenstore.com\/index.php\/wp-json\/wp\/v2\/product_cat?post=1137"},{"taxonomy":"product_tag","embeddable":true,"href":"https:\/\/puertoquequenstore.com\/index.php\/wp-json\/wp\/v2\/product_tag?post=1137"}],"curies":[{"name":"wp","href":"https:\/\/api.w.org\/{rel}","templated":true}]}}