{"id":1146,"date":"2022-05-05T21:53:39","date_gmt":"2022-05-05T21:53:39","guid":{"rendered":"http:\/\/puertoquequenstore.com\/?post_type=product&#038;p=1146"},"modified":"2022-05-05T21:53:40","modified_gmt":"2022-05-05T21:53:40","slug":"atun-rojo-espanol","status":"publish","type":"product","link":"https:\/\/puertoquequenstore.com\/index.php\/producto\/atun-rojo-espanol\/","title":{"rendered":"At\u00fan Rojo Espa\u00f1ol"},"content":{"rendered":"<p>At\u00fan Rojo Espa\u00f1ol<\/p>\n","protected":false},"excerpt":{"rendered":"<p>At\u00fan Rojo Espa\u00f1ol<\/p>\n","protected":false},"featured_media":1143,"template":"","meta":{"om_disable_all_campaigns":false,"_monsterinsights_skip_tracking":false,"_monsterinsights_sitenote_active":false,"_monsterinsights_sitenote_note":"","_monsterinsights_sitenote_category":0},"product_cat":[20],"product_tag":[],"_links":{"self":[{"href":"https:\/\/puertoquequenstore.com\/index.php\/wp-json\/wp\/v2\/product\/1146"}],"collection":[{"href":"https:\/\/puertoquequenstore.com\/index.php\/wp-json\/wp\/v2\/product"}],"about":[{"href":"https:\/\/puertoquequenstore.com\/index.php\/wp-json\/wp\/v2\/types\/product"}],"wp:featuredmedia":[{"embeddable":true,"href":"https:\/\/puertoquequenstore.com\/index.php\/wp-json\/wp\/v2\/media\/1143"}],"wp:attachment":[{"href":"https:\/\/puertoquequenstore.com\/index.php\/wp-json\/wp\/v2\/media?parent=1146"}],"wp:term":[{"taxonomy":"product_cat","embeddable":true,"href":"https:\/\/puertoquequenstore.com\/index.php\/wp-json\/wp\/v2\/product_cat?post=1146"},{"taxonomy":"product_tag","embeddable":true,"href":"https:\/\/puertoquequenstore.com\/index.php\/wp-json\/wp\/v2\/product_tag?post=1146"}],"curies":[{"name":"wp","href":"https:\/\/api.w.org\/{rel}","templated":true}]}}